{"id":161,"date":"2024-09-20T23:35:36","date_gmt":"2024-09-20T21:35:36","guid":{"rendered":"https:\/\/www.maisonelmira.fr\/?page_id=161"},"modified":"2026-04-06T18:30:19","modified_gmt":"2026-04-06T16:30:19","slug":"page-maintenance","status":"publish","type":"page","link":"https:\/\/www.maisonelmira.fr\/index.php\/page-maintenance\/","title":{"rendered":"Page maintenance"},"content":{"rendered":"<div class=\"brz-root__container brz-reset-all brz brz-root__container-page\">\n<section id=\"82c757e43b386fa8c340_dogGrRWL_LYP\" class=\"brz-section brz-css-15yzg8j\">\n<div class=\"brz-section__content brz-section--fullWidth brz-css-z3vy8m brz-css-1ygpyvd\" data-brz-custom-id=\"i4WY9KUbRwpa\">\n<div class=\"brz-bg\">\n<div class=\"brz-bg-image\"><\/div>\n<div class=\"brz-bg-color\"><\/div>\n<\/div>\n<div class=\"brz-container brz-css-126hs9e brz-css-rbdwfp\">\n<div id=\"\" class=\"brz-css-1lzj458 brz-css-7a09iq brz-wrapper\">\n<div class=\"brz-rich-text brz-rich-text__custom brz-css-1opliep\" data-brz-custom-id=\"gCI6loHXdLlr\">\n<div data-brz-translate-text=\"1\">\n<p class=\"brz-fsft-lg-0 brz-fwdth-lg-100 brz-vfw-lg-400 brz-lh-lg-1 brz-ls-lg-m_0_5 brz-fw-lg-400 brz-fss-lg-px brz-fs-lg-67 brz-ft-google brz-ff-forum brz-tp-lg-empty brz-text-lg-center brz-css-vJ06M\" data-uniq-id=\"yVLLM\" data-generated-css=\"brz-css-hD4F9\"><strong class=\"brz-bold-true brz-cp-color8\">www.maisonelmira.fr<\/strong><\/p>\n<p class=\"brz-fsft-lg-0 brz-fwdth-lg-100 brz-vfw-lg-400 brz-lh-lg-1 brz-ls-lg-m_0_5 brz-fw-lg-400 brz-fss-lg-px brz-fs-lg-67 brz-ft-google brz-ff-forum brz-tp-lg-empty brz-text-lg-center brz-css-yZdBO\" data-uniq-id=\"fTnA9\" data-generated-css=\"brz-css-p1F_6\"><span class=\"brz-cp-color8\">est en cours de construction<\/span><\/p>\n<\/div>\n<\/div>\n<\/div>\n<div id=\"\" class=\"brz-css-1lzj458 brz-css-4ffy8a brz-wrapper\">\n<div class=\"brz-rich-text brz-rich-text__custom brz-css-1opliep\" data-brz-custom-id=\"zLIEZtUAB6KT\">\n<div data-brz-translate-text=\"1\">\n<p class=\"brz-text-lg-center brz-fss-lg-px brz-fw-lg-400 brz-ls-lg-0 brz-lh-lg-1_6 brz-vfw-lg-400 brz-fwdth-lg-100 brz-fsft-lg-0 brz-tp-lg-empty brz-ff-forum brz-ft-google brz-fs-lg-26 brz-css-guPai\" data-generated-css=\"brz-css-l2ESC\" data-uniq-id=\"uAsR8\"><strong class=\"brz-scp-color6\">Patience, l\u2019attente en vaut la peine.<\/strong><\/p>\n<p class=\"brz-text-lg-center brz-fss-lg-px brz-fw-lg-400 brz-ls-lg-0 brz-lh-lg-1_6 brz-vfw-lg-400 brz-fwdth-lg-100 brz-fsft-lg-0 brz-tp-lg-empty brz-ff-forum brz-ft-google brz-fs-lg-26 brz-css-y18B5\" data-generated-css=\"brz-css-thmep\" data-uniq-id=\"ewITy\"><span class=\"brz-scp-color6 brz-cp-color8\">Notre site est en cours de pr\u00e9paration, mais en attendant, ne manquez pas de nous suivre sur nos r\u00e9seaux sociaux. D\u00e9couvrez l\u2019univers de<\/span><span class=\"brz-scp-color6 brz-cp-color5\"> <\/span><strong class=\"brz-scp-color6\">Maison Elmira<\/strong><span class=\"brz-scp-color6 brz-cp-color5\"> <\/span><span class=\"brz-scp-color6 brz-cp-color8\">et laissez-vous inspirer par nos derni\u00e8res cr\u00e9ations et \u00e9v\u00e9nements.<\/span><\/p>\n<p class=\"brz-text-lg-center brz-fss-lg-px brz-fw-lg-400 brz-ls-lg-0 brz-lh-lg-1_6 brz-vfw-lg-400 brz-fwdth-lg-100 brz-fsft-lg-0 brz-tp-lg-empty brz-ff-forum brz-ft-google brz-fs-lg-26 brz-css-a2anV\" data-generated-css=\"brz-css-a2_dt\" data-uniq-id=\"pZMY1\"><strong class=\"brz-scp-color6\">Restez connect\u00e9s<\/strong><strong class=\"brz-scp-color6 brz-cp-color5\">,<\/strong><span class=\"brz-scp-color6 brz-cp-color5\"> <\/span><span class=\"brz-scp-color6\">nous serons bient\u00f4t de retour avec encore plus d\u2019\u00e9l\u00e9gance \u00e0 vous offrir.<\/span><\/p>\n<\/div>\n<\/div>\n<\/div>\n<div id=\"\" class=\"brz-css-1lzj458 brz-css-caajli brz-wrapper\">\n<div class=\"brz-spacer brz-css-1nehqx9 brz-css-1deexyt\"><\/div>\n<\/div>\n<div class=\"brz-row__container brz-css-lot5ox\" data-brz-custom-id=\"clTzpBP0tP_n\">\n<div class=\"brz-bg\"><\/div>\n<div class=\"brz-row brz-css-pj5oa0 brz-css-p7m7tb\">\n<div class=\"brz-columns brz-css-h40xhx brz-css-13lt3nh\" data-brz-custom-id=\"gwCmSxZlQzpM\">\n<div class=\"brz-bg\"><\/div>\n<div class=\"brz-column__items brz-css-h4w6jw brz-css-1lhmv50\">\n<div class=\"brz-row__container brz-css-lot5ox\" data-brz-custom-id=\"pjz6JniHJ_oH\">\n<div class=\"brz-bg\"><\/div>\n<div class=\"brz-row brz-row--inner brz-css-pj5oa0 brz-css-p7m7tb\">\n<div class=\"brz-columns brz-css-h40xhx brz-css-ge24b\" data-brz-custom-id=\"nHy_hedfRLNY\">\n<div class=\"brz-bg\"><\/div>\n<div class=\"brz-column__items brz-css-h4w6jw\">\n<div class=\"brz-wrapper-clone brz-css-15u0ui6\">\n<div class=\"brz-d-xs-flex brz-flex-xs-wrap brz-css-11j4sqz\" data-brz-custom-id=\"\">\n<div class=\"brz-wrapper-clone__item\" id=\"h8KHkyarIt4w\">\n<div class=\"brz-icon__container\" data-brz-custom-id=\"h8KHkyarIt4w\"><a class=\"brz-a\" href=\"https:\/\/www.instagram.com\/maison.elmira\" target=\"_blank\" rel=\"noopener\" data-brz-link-type=\"external\"><span class=\"brz-icon brz-span brz-css-x7zhff brz-css-o7glu2\"><\/span><\/a><\/div>\n<\/div>\n<\/div>\n<\/div>\n<\/div>\n<\/div>\n<div class=\"brz-columns brz-css-h40xhx brz-css-ql7rul\" data-brz-custom-id=\"lc0KGLVwPXtB\">\n<div class=\"brz-bg\"><\/div>\n<div class=\"brz-column__items brz-css-h4w6jw\">\n<div class=\"brz-wrapper-clone brz-css-15u0ui6\">\n<div class=\"brz-d-xs-flex brz-flex-xs-wrap brz-css-11j4sqz\" data-brz-custom-id=\"\">\n<div class=\"brz-wrapper-clone__item\" id=\"d_Mpzd_IHEoe\">\n<div class=\"brz-icon__container\" data-brz-custom-id=\"d_Mpzd_IHEoe\"><a class=\"brz-a\" href=\"https:\/\/www.tiktok.com\/@soumakeyouup?_t=8krUx3u98ML&amp;_r=1\" target=\"_blank\" rel=\"noopener\" data-brz-link-type=\"external\"><span class=\"brz-icon brz-span brz-css-x7zhff brz-css-12gmi5j\"><\/span><\/a><\/div>\n<\/div>\n<\/div>\n<\/div>\n<\/div>\n<\/div>\n<\/div>\n<\/div>\n<div class=\"brz-row__container brz-css-lot5ox\" data-brz-custom-id=\"tTciDD3yMMxk\">\n<div class=\"brz-bg\"><\/div>\n<div class=\"brz-row brz-row--inner brz-css-pj5oa0 brz-css-p7m7tb\">\n<div class=\"brz-columns brz-css-h40xhx\" data-brz-custom-id=\"wH9M88dyfj0C\">\n<div class=\"brz-hover-animation__container\" data-brz-hover-animationid=\"wH9M88dyfj0C\" data-brz-hover-options=\"%7B%22fill%22:%22forwards%22,%22easing%22:%22ease%22,%22duration%22:600,%22iterations%22:1%7D\" data-brz-hover-reversible=\"true\" data-brz-hover-target=\"%22parent%22\" data-brz-hover-animation=\"%5B%7B%22WebkitTransform%22:%22scale(1.1)%22,%22transform%22:%22scale(1.1)%22,%22offset%22:1%7D%5D\">\n<div class=\"brz-bg\"><\/div>\n<div class=\"brz-column__items brz-css-h4w6jw\">\n<div id=\"\" class=\"brz-css-1lzj458 brz-wrapper\">\n<div class=\"brz-rich-text brz-rich-text__custom brz-css-1opliep\" data-brz-custom-id=\"sKj3347y_jyE\">\n<div data-brz-translate-text=\"1\">\n<p class=\"brz-text-lg-center brz-tp-lg-empty brz-ff-forum brz-ft-google brz-fs-lg-42 brz-fss-lg-px brz-fw-lg-400 brz-ls-lg-0 brz-lh-lg-1_8 brz-vfw-lg-400 brz-fwdth-lg-100 brz-fsft-lg-0 brz-css-lmPm9\" data-generated-css=\"brz-css-auLY6\" data-uniq-id=\"hN1fD\"><a class=\"link--external brz-cp-color8 brz-bold-true\" href=\"https:\/\/www.instagram.com\/maison.elmira\" data-brz-link-type=\"external\" target=\"_blank\"><strong>NOTRE INSTAGRAM<\/strong><\/a><\/p>\n<\/div>\n<\/div>\n<\/div>\n<\/div>\n<\/div>\n<\/div>\n<div class=\"brz-columns brz-css-h40xhx\" data-brz-custom-id=\"pQpjnaAnoXRS\">\n<div class=\"brz-hover-animation__container\" data-brz-hover-animationid=\"pQpjnaAnoXRS\" data-brz-hover-options=\"%7B%22fill%22:%22forwards%22,%22easing%22:%22ease%22,%22duration%22:600,%22iterations%22:1%7D\" data-brz-hover-reversible=\"true\" data-brz-hover-target=\"%22parent%22\" data-brz-hover-animation=\"%5B%7B%22WebkitTransform%22:%22scale(1.1)%22,%22transform%22:%22scale(1.1)%22,%22offset%22:1%7D%5D\">\n<div class=\"brz-bg\"><\/div>\n<div class=\"brz-column__items brz-css-h4w6jw\">\n<div id=\"\" class=\"brz-css-1lzj458 brz-wrapper\">\n<div class=\"brz-rich-text brz-rich-text__custom brz-css-1opliep\" data-brz-custom-id=\"srsR6JjaJJ4d\">\n<div data-brz-translate-text=\"1\">\n<p class=\"brz-bcp-color8 brz-text-lg-center brz-tp-lg-empty brz-ff-forum brz-ft-google brz-fs-lg-42 brz-fss-lg-px brz-fw-lg-400 brz-ls-lg-0 brz-lh-lg-1_8 brz-vfw-lg-400 brz-fwdth-lg-100 brz-fsft-lg-0 brz-css-zjTpA\" data-uniq-id=\"b_2Fy\" data-generated-css=\"brz-css-rYK58\"><a class=\"link--external brz-cp-color8 brz-bold-true\" href=\"https:\/\/www.tiktok.com\/@soumakeyouup?_t=8krUx3u98ML&amp;_r=1\" data-brz-link-type=\"external\" target=\"_blank\"><strong>NOTRE TIKTOK<\/strong><\/a><\/p>\n<\/div>\n<\/div>\n<\/div>\n<\/div>\n<\/div>\n<\/div>\n<\/div>\n<\/div>\n<\/div>\n<\/div>\n<\/div>\n<\/div>\n<div id=\"\" class=\"brz-css-1lzj458 brz-css-caajli brz-wrapper\">\n<div class=\"brz-spacer brz-css-1nehqx9 brz-css-amkvab\"><\/div>\n<\/div>\n<\/div>\n<\/div>\n<\/section>\n<\/div>\n<p>    <!-- version:1740285586 --><\/p>\n","protected":false},"excerpt":{"rendered":"<p>www.maisonelmira.fr est en cours de construction Patience, l\u2019attente en vaut la peine. Notre site est en cours de pr\u00e9paration, mais [&hellip;]<\/p>\n","protected":false},"author":1,"featured_media":0,"parent":0,"menu_order":10,"comment_status":"closed","ping_status":"closed","template":"brizy-blank-template.php","meta":{"site-sidebar-layout":"default","site-content-layout":"","ast-site-content-layout":"","site-content-style":"default","site-sidebar-style":"default","ast-global-header-display":"","ast-banner-title-visibility":"","ast-main-header-display":"","ast-hfb-above-header-display":"","ast-hfb-below-header-display":"","ast-hfb-mobile-header-display":"","site-post-title":"","ast-breadcrumbs-content":"","ast-featured-img":"","footer-sml-layout":"","theme-transparent-header-meta":"","adv-header-id-meta":"","stick-header-meta":"","header-above-stick-meta":"","header-main-stick-meta":"","header-below-stick-meta":"","astra-migrate-meta-layouts":"default","ast-page-background-enabled":"default","ast-page-background-meta":{"desktop":{"background-color":"var(--ast-global-color-5)","background-image":"","background-repeat":"repeat","background-position":"center center","background-size":"auto","background-attachment":"scroll","background-type":"","background-media":"","overlay-type":"","overlay-color":"","overlay-opacity":"","overlay-gradient":""},"tablet":{"background-color":"","background-image":"","background-repeat":"repeat","background-position":"center center","background-size":"auto","background-attachment":"scroll","background-type":"","background-media":"","overlay-type":"","overlay-color":"","overlay-opacity":"","overlay-gradient":""},"mobile":{"background-color":"","background-image":"","background-repeat":"repeat","background-position":"center center","background-size":"auto","background-attachment":"scroll","background-type":"","background-media":"","overlay-type":"","overlay-color":"","overlay-opacity":"","overlay-gradient":""}},"ast-content-background-meta":{"desktop":{"background-color":"var(--ast-global-color-4)","background-image":"","background-repeat":"repeat","background-position":"center center","background-size":"auto","background-attachment":"scroll","background-type":"","background-media":"","overlay-type":"","overlay-color":"","overlay-opacity":"","overlay-gradient":""},"tablet":{"background-color":"var(--ast-global-color-4)","background-image":"","background-repeat":"repeat","background-position":"center center","background-size":"auto","background-attachment":"scroll","background-type":"","background-media":"","overlay-type":"","overlay-color":"","overlay-opacity":"","overlay-gradient":""},"mobile":{"background-color":"var(--ast-global-color-4)","background-image":"","background-repeat":"repeat","background-position":"center center","background-size":"auto","background-attachment":"scroll","background-type":"","background-media":"","overlay-type":"","overlay-color":"","overlay-opacity":"","overlay-gradient":""}},"footnotes":""},"class_list":{"0":"post-161","1":"page","2":"type-page","3":"status-publish","5":"ast-article-single"},"brizy_media":[{"id":170,"url":"https:\/\/www.maisonelmira.fr\/wp-content\/uploads\/2024\/09\/Copie-de-Maison-elmira.png","name":"Copie-de-Maison-elmira.png","meta":{"brizy_attachment_uid":"wp-f2eabac9e2337167b1a9e5d08a195900.png","brizy_post_uid":["c2c5cf0757f4f6503fe05ab584157822"]}},{"id":229,"url":"https:\/\/www.maisonelmira.fr\/wp-content\/uploads\/2025\/02\/Blog-Banner-for-Website-Content.png","name":"Blog-Banner-for-Website-Content.png","meta":{"brizy_attachment_uid":"wp-72860d695e449795260e1d35150f0a70.png","brizy_post_uid":["c2c5cf0757f4f6503fe05ab584157822"]}},{"id":230,"url":"https:\/\/www.maisonelmira.fr\/wp-content\/uploads\/2025\/02\/culture-background-morocco-arabic-moroccan_1203-5669.png","name":"culture-background-morocco-arabic-moroccan_1203-5669.png","meta":{"brizy_attachment_uid":"wp-e9edac8c7cf7d3df028db67a722b844b.png","brizy_post_uid":["c2c5cf0757f4f6503fe05ab584157822"]}},{"id":231,"url":"https:\/\/www.maisonelmira.fr\/wp-content\/uploads\/2025\/02\/34625-1920x1080-desktop-1080p-morocco-background.jpg","name":"34625-1920x1080-desktop-1080p-morocco-background.jpg","meta":{"brizy_attachment_uid":"wp-7339ac36bd91b1d65fe8b0bd4c1f4bb0.jpg","brizy_post_uid":["c2c5cf0757f4f6503fe05ab584157822"]}},{"id":256,"url":"https:\/\/www.maisonelmira.fr\/wp-content\/uploads\/2025\/02\/IMG_1389.svg","name":"IMG_1389.svg","meta":{"brizy_attachment_uid":"wp-e0faf6933de0a0a7b40133ce89662fee.svg","brizy_post_uid":["c2c5cf0757f4f6503fe05ab584157822"]}},{"id":257,"url":"https:\/\/www.maisonelmira.fr\/wp-content\/uploads\/2025\/02\/IMG_1389.jpg","name":"IMG_1389.jpg","meta":{"brizy_attachment_uid":"wp-b025f192ed090feff5a46b7777082ff6.jpg","brizy_post_uid":["c2c5cf0757f4f6503fe05ab584157822"]}}],"_links":{"self":[{"href":"https:\/\/www.maisonelmira.fr\/index.php\/wp-json\/wp\/v2\/pages\/161","targetHints":{"allow":["GET"]}}],"collection":[{"href":"https:\/\/www.maisonelmira.fr\/index.php\/wp-json\/wp\/v2\/pages"}],"about":[{"href":"https:\/\/www.maisonelmira.fr\/index.php\/wp-json\/wp\/v2\/types\/page"}],"author":[{"embeddable":true,"href":"https:\/\/www.maisonelmira.fr\/index.php\/wp-json\/wp\/v2\/users\/1"}],"replies":[{"embeddable":true,"href":"https:\/\/www.maisonelmira.fr\/index.php\/wp-json\/wp\/v2\/comments?post=161"}],"version-history":[{"count":15,"href":"https:\/\/www.maisonelmira.fr\/index.php\/wp-json\/wp\/v2\/pages\/161\/revisions"}],"predecessor-version":[{"id":355,"href":"https:\/\/www.maisonelmira.fr\/index.php\/wp-json\/wp\/v2\/pages\/161\/revisions\/355"}],"wp:attachment":[{"href":"https:\/\/www.maisonelmira.fr\/index.php\/wp-json\/wp\/v2\/media?parent=161"}],"curies":[{"name":"wp","href":"https:\/\/api.w.org\/{rel}","templated":true}]}}